{"id":29,"date":"2021-02-09T17:57:35","date_gmt":"2021-02-09T17:57:35","guid":{"rendered":"https:\/\/crocc.org\/?page_id=29"},"modified":"2021-02-09T17:57:35","modified_gmt":"2021-02-09T17:57:35","slug":"government","status":"publish","type":"page","link":"https:\/\/crocc.org\/hr\/government\/","title":{"rendered":"Government"},"content":{"rendered":"<figure class=\"wp-block-table\"><table class=\"\"><tbody><tr><td>Tijela vlasti<\/td><td><a href=\"http:\/\/www.sabor.hr\/\" target=\"_blank\" rel=\"noreferrer noopener\">Hrvatski sabor<\/a><br><a href=\"http:\/\/www.predsjednica.hr\/\" target=\"_blank\" rel=\"noreferrer noopener\">Predsjednica Republike Hrvatske<\/a><br><a href=\"http:\/\/narodne-novine.nn.hr\/\" target=\"_blank\" rel=\"noreferrer noopener\">Slu\u017ebeni list &#8211; Narodne novine<\/a><br><a href=\"http:\/\/narodne-novine.nn.hr\/clanci\/sluzbeni\/232289.html\" target=\"_blank\" rel=\"noreferrer noopener\">Ustav Republike Hrvatske<\/a><br><a href=\"http:\/\/www.usud.hr\/\" target=\"_blank\" rel=\"noreferrer noopener\">Ustavni sud Republike Hrvatske<\/a><br><a href=\"http:\/\/www.vlada.hr\/\" target=\"_blank\" rel=\"noreferrer noopener\">Vlada Republike Hrvatske<\/a><br><a href=\"http:\/\/www.vsrh.hr\/EasyWeb.asp?pcpid=579\" target=\"_blank\" rel=\"noreferrer noopener\">Vrhovni sud Republike Hrvatske<\/a><br><\/td><\/tr><tr><td>Dr\u017eavni ured<\/td><td><a href=\"http:\/\/www.matis.hr\/index.php\/hr\" target=\"_blank\" rel=\"noreferrer noopener\">Hrvatska matica iseljenika HMI<\/a><br><a href=\"http:\/\/www.arhiv.hr\/arhiv2\/index.htm\" target=\"_blank\" rel=\"noreferrer noopener\">Hrvatski dr\u017eavni arhiv<\/a><br><a href=\"http:\/\/www.matica.hr\/\" target=\"_blank\" rel=\"noreferrer noopener\">Matica Hrvatska<\/a><br><a href=\"http:\/\/www.hrvatiizvanrh.hr\/\" target=\"_blank\" rel=\"noreferrer noopener\">za Hrvate izvan Republike Hrvatske<\/a><br><\/td><\/tr><tr><td>Internacional<\/td><td><a href=\"http:\/\/www.coe.int\/\" target=\"_blank\" rel=\"noreferrer noopener\">Council of Europe<\/a><br><a href=\"http:\/\/www.coe.int\/en\/web\/portal\/croatia\" target=\"_blank\" rel=\"noreferrer noopener\">Croatia &#8211; Council of Europe<\/a><br><a href=\"http:\/\/www.nato.int\/\" target=\"_blank\" rel=\"noreferrer noopener\">NATO &#8211; North Atlantic Treaty Organisation<\/a><br><a href=\"http:\/\/assembly.coe.int\/\" target=\"_blank\" rel=\"noreferrer noopener\">Parliamentary Assembly<\/a><br><a href=\"http:\/\/www.un.org\/\" target=\"_blank\" rel=\"noreferrer noopener\">UN &#8211; United Nations<\/a><br><a href=\"http:\/\/www.unesco.org\/\" target=\"_blank\" rel=\"noreferrer noopener\">UNESCO &#8211; UN Educational, Scientific,Cultural Org.<\/a><br><\/td><\/tr><tr><td>Ministarstva<\/td><td><a href=\"http:\/\/www.mobms.hr\/\" target=\"_blank\" rel=\"noreferrer noopener\">Ministarstvo branitelja<\/a><br><a href=\"http:\/\/www.mfin.hr\/\" target=\"_blank\" rel=\"noreferrer noopener\">Ministarstvo financija<\/a><br><a href=\"http:\/\/www.mingo.hr\/\" target=\"_blank\" rel=\"noreferrer noopener\">Ministarstvo gospodarstva<\/a><br><a href=\"http:\/\/www.min-kulture.hr\/\" target=\"_blank\" rel=\"noreferrer noopener\">Ministarstvo kulture<\/a><br><a href=\"http:\/\/www.morh.hr\/\" target=\"_blank\" rel=\"noreferrer noopener\">Ministarstvo obrane<\/a><br><a href=\"http:\/\/www.poduzetnistvo.gov.hr\/\" target=\"_blank\" rel=\"noreferrer noopener\">Ministarstvo poduzetni\u0161tva i obrta<\/a><br><a href=\"http:\/\/www.mps.hr\/\" target=\"_blank\" rel=\"noreferrer noopener\">Ministarstvo poljoprivrede<\/a><br><a href=\"http:\/\/www.pravosudje.hr\/\" target=\"_blank\" rel=\"noreferrer noopener\">Ministarstvo pravosu\u0111a<\/a><br><a href=\"http:\/\/www.mint.hr\/\" target=\"_blank\" rel=\"noreferrer noopener\">Ministarstvo turizma<\/a><br><a href=\"http:\/\/www.mup.hr\/\" target=\"_blank\" rel=\"noreferrer noopener\">Ministarstvo unutarnjih poslova<\/a><br><a href=\"http:\/\/www.uprava.gov.hr\/\" target=\"_blank\" rel=\"noreferrer noopener\">Ministarstvo uprave<\/a><br><a href=\"http:\/\/www.mvp.hr\/\" target=\"_blank\" rel=\"noreferrer noopener\">Ministarstvo vanjskih i europskih poslova<\/a><br><a href=\"http:\/\/www.miz.hr\/\" target=\"_blank\" rel=\"noreferrer noopener\">Ministarstvo zdravlja<\/a><br><a href=\"http:\/\/public.mzos.hr\/Default.aspx\" target=\"_blank\" rel=\"noreferrer noopener\">Ministarstvo znanosti, obrazovanja i sporta<\/a><br><a href=\"http:\/\/www.mzopu.hr\/default.aspx?id=6591\" target=\"_blank\" rel=\"noreferrer noopener\">Mnistarstvo za\u0161tite okoli\u0161a i prirode<\/a><br><\/td><\/tr><tr><td>Politi\u010dke stranke<\/td><td><a href=\"http:\/\/www.demokratski-centar.hr\/\" target=\"_blank\" rel=\"noreferrer noopener\">Demokratski centar DC<\/a><br><a href=\"http:\/\/www.hsp-ante-starcevic.hr\/\" target=\"_blank\" rel=\"noreferrer noopener\">HSP dr. Ante Star\u010devi\u0107<\/a><br><a href=\"http:\/\/www.hdssb.hr\/\" target=\"_blank\" rel=\"noreferrer noopener\">HrvatskI demokratskI savez Slavonije i Baranje<\/a><br><a href=\"http:\/\/www.hdz.hr\/\" target=\"_blank\" rel=\"noreferrer noopener\">Hrvatska demokratska zajednica HDZ<\/a><br><a href=\"http:\/\/www.hns.hr\/\" target=\"_blank\" rel=\"noreferrer noopener\">Hrvatska narodna stranka HNS<\/a><br><a href=\"http:\/\/www.hss.hr\/\" target=\"_blank\" rel=\"noreferrer noopener\">Hrvatska selja\u010dka stranka HSS<\/a><br><a href=\"http:\/\/www.hsls.hr\/\" target=\"_blank\" rel=\"noreferrer noopener\">Hrvatska socijalno-liberalna stranka HSLS<\/a><br><a href=\"http:\/\/www.hsp.hr\/\" target=\"_blank\" rel=\"noreferrer noopener\">Hrvatska stranka prava HSP<\/a><br><a href=\"http:\/\/www.hsu.hr\/\" target=\"_blank\" rel=\"noreferrer noopener\">Hrvatska stranka umirovljenika HSU<\/a><br><a href=\"http:\/\/www.laburisti.com\/\" target=\"_blank\" rel=\"noreferrer noopener\">Hrvatski Laburisti<\/a><br><a href=\"http:\/\/www.ids-ddi.com\/\" target=\"_blank\" rel=\"noreferrer noopener\">Istarski demokratski sabor IDS<\/a><br><a href=\"http:\/\/www.most-nl.com\/tag\/dr-bozo-petrov\" target=\"_blank\" rel=\"noreferrer noopener\">MOST<\/a><br><a href=\"http:\/\/www.hr\/wwwhr\/politics\/parties\/index.en.html\" target=\"_blank\" rel=\"noreferrer noopener\">Political Parties Register in Croatia<\/a><br><a href=\"http:\/\/www.pgs.hr\/\" target=\"_blank\" rel=\"noreferrer noopener\">Primorsko goranski savez PGS<\/a><br><a href=\"http:\/\/www.sdp.hr\/\" target=\"_blank\" rel=\"noreferrer noopener\">Socijaldemokratska partija Hrvatske SDP<\/a><br><\/td><\/tr><tr><td>Pretra\u017eiva\u010d<\/td><td><a href=\"http:\/\/www.carnet.hr\/\" target=\"_blank\" rel=\"noreferrer noopener\">Carnet<\/a><br><a href=\"http:\/\/cross.carnet.hr\/\" target=\"_blank\" rel=\"noreferrer noopener\">Cross<\/a><br><a href=\"http:\/\/www.google.ca\/\" target=\"_blank\" rel=\"noreferrer noopener\">Google<\/a><br><a href=\"http:\/\/www.yahoo.com\/\" target=\"_blank\" rel=\"noreferrer noopener\">Yahoo<\/a><br><\/td><\/tr><tr><td>Stranke BiH<\/td><td><a href=\"http:\/\/www.hdz1990.org\/\" target=\"_blank\" rel=\"noreferrer noopener\">HDZ 1990<\/a><br><a href=\"http:\/\/www.hdzbih.org\/\" target=\"_blank\" rel=\"noreferrer noopener\">Hrvatska demokratska zajednica BiH<\/a><br><\/td><\/tr><tr><td>\u017dupanije<\/td><td><a href=\"http:\/\/www.bbz.hr\/\" target=\"_blank\" rel=\"noreferrer noopener\">Bjelovarsko-bilogorska \u017eupanija<\/a><br><a href=\"http:\/\/www.bpz.hr\/\" target=\"_blank\" rel=\"noreferrer noopener\">Brodsko-posavska \u017eupanija<\/a><br><a href=\"http:\/\/www.dubrovacko-neretvanska-zupanija.hr\/\" target=\"_blank\" rel=\"noreferrer noopener\">Dubrova\u010dko-neretvanska \u017eupanija<\/a><br><a href=\"http:\/\/www.zagreb.hr\/\" target=\"_blank\" rel=\"noreferrer noopener\">Grad Zagreb<\/a><br><a href=\"http:\/\/www.istra-istria.hr\/\" target=\"_blank\" rel=\"noreferrer noopener\">Istarska \u017eupanija<\/a><br><a href=\"http:\/\/www.kazup.hr\/\" target=\"_blank\" rel=\"noreferrer noopener\">Karlova\u010dka \u017eupanija<\/a><br><a href=\"http:\/\/www.kckzz.hr\/\" target=\"_blank\" rel=\"noreferrer noopener\">Koprivni\u010dko-kri\u017eeva\u010dke \u017eupanije<\/a><br><a href=\"http:\/\/www.kzz.hr\/\" target=\"_blank\" rel=\"noreferrer noopener\">Krapinsko-zagorske \u017eupanije<\/a><br><a href=\"http:\/\/www.licko-senjska.hr\/\" target=\"_blank\" rel=\"noreferrer noopener\">Li\u010dko-senjska \u017eupanija<\/a><br><a href=\"http:\/\/www.medjimurska-zupanija.hr\/\" target=\"_blank\" rel=\"noreferrer noopener\">Me\u0111imurske \u017eupanije<\/a><br><a href=\"http:\/\/www.obz.hr\/\" target=\"_blank\" rel=\"noreferrer noopener\">Osje\u010dko-baranjska \u017eupanija<\/a><br><a href=\"http:\/\/www.pszupanija.hr\/\" target=\"_blank\" rel=\"noreferrer noopener\">Po\u017ee\u0161ko-slavonska \u017eupanija<\/a><br><a href=\"http:\/\/www.pgz.hr\/\" target=\"_blank\" rel=\"noreferrer noopener\">Primorsko-goranska \u017eupanija<\/a><br><a href=\"http:\/\/www.smz.hr\/\" target=\"_blank\" rel=\"noreferrer noopener\">Sisa\u010dko-moslava\u010dka \u017eupanija<\/a><br><a href=\"http:\/\/www.dalmacija.hr\/\" target=\"_blank\" rel=\"noreferrer noopener\">Splitsko-dalmatinska \u017eupanija<\/a><br><a href=\"http:\/\/www.varazdinska-zupanija.hr\/\" target=\"_blank\" rel=\"noreferrer noopener\">Varazdinska \u017eupanija<\/a><br><a href=\"http:\/\/www.vpz.hr\/\" target=\"_blank\" rel=\"noreferrer noopener\">Viroviti\u010dko-podravska \u017eupanija<\/a><br><a href=\"http:\/\/www.zadarska-zupanija.hr\/\" target=\"_blank\" rel=\"noreferrer noopener\">Zadarska \u017eupanija<\/a><br><a href=\"http:\/\/www.zagrebacka-zupanija.hr\/\" target=\"_blank\" rel=\"noreferrer noopener\">Zagreba\u010dka \u017eupanija<\/a><br><a href=\"http:\/\/www.sibensko-kninska-zupanija.hr\/\" target=\"_blank\" rel=\"noreferrer noopener\">\u0160ibensko-kninska \u017eupanija<\/a><\/td><\/tr><\/tbody><\/table><\/figure>","protected":false},"excerpt":{"rendered":"<p>Tijela vlasti Hrvatski saborPredsjednica Republike HrvatskeSlu\u017ebeni list &#8211; Narodne novineUstav Republike HrvatskeUstavni sud Republike HrvatskeVlada Republike HrvatskeVrhovni sud Republike Hrvatske Dr\u017eavni ured Hrvatska matica iseljenika HMIHrvatski dr\u017eavni arhivMatica Hrvatskaza Hrvate izvan Republike Hrvatske Internacional Council of EuropeCroatia &#8211; Council of EuropeNATO &#8211; North Atlantic Treaty OrganisationParliamentary AssemblyUN &#8211; United NationsUNESCO &#8211; UN Educational, Scientific,Cultural Org. &hellip; <\/p>\n<p class=\"link-more\"><a href=\"https:\/\/crocc.org\/hr\/government\/\" class=\"more-link\">Nastavi \u010ditati<span class=\"screen-reader-text\"> &#8220;Government&#8221;<\/span><\/a><\/p>","protected":false},"author":2,"featured_media":0,"parent":0,"menu_order":0,"comment_status":"closed","ping_status":"closed","template":"","meta":{"footnotes":""},"class_list":["post-29","page","type-page","status-publish","hentry"],"_links":{"self":[{"href":"https:\/\/crocc.org\/hr\/wp-json\/wp\/v2\/pages\/29","targetHints":{"allow":["GET"]}}],"collection":[{"href":"https:\/\/crocc.org\/hr\/wp-json\/wp\/v2\/pages"}],"about":[{"href":"https:\/\/crocc.org\/hr\/wp-json\/wp\/v2\/types\/page"}],"author":[{"embeddable":true,"href":"https:\/\/crocc.org\/hr\/wp-json\/wp\/v2\/users\/2"}],"replies":[{"embeddable":true,"href":"https:\/\/crocc.org\/hr\/wp-json\/wp\/v2\/comments?post=29"}],"version-history":[{"count":0,"href":"https:\/\/crocc.org\/hr\/wp-json\/wp\/v2\/pages\/29\/revisions"}],"wp:attachment":[{"href":"https:\/\/crocc.org\/hr\/wp-json\/wp\/v2\/media?parent=29"}],"curies":[{"name":"wp","href":"https:\/\/api.w.org\/{rel}","templated":true}]}}