{"id":10,"date":"2021-02-09T17:52:15","date_gmt":"2021-02-09T17:52:15","guid":{"rendered":"https:\/\/crocc.org\/?page_id=10"},"modified":"2023-03-15T16:55:06","modified_gmt":"2023-03-15T16:55:06","slug":"congress-officials","status":"publish","type":"page","link":"https:\/\/crocc.org\/en\/congress-officials\/","title":{"rendered":"Congress Officials"},"content":{"rendered":"\n<p><strong>Congress Info<\/strong><\/p>\n\n\n\n<figure class=\"wp-block-table is-style-regular\"><table><tbody><tr><td><strong>Contact Information:<\/strong><\/td><\/tr><tr><td>President&nbsp;<\/td><td><br>Vinko Sabljo ,\u0160vicarska<br><\/td><\/tr><tr><td>Email&nbsp;<\/td><td>crocc@telus.net<\/td><\/tr><tr><td>Website&nbsp;<\/td><td>hsk.hr<\/td><\/tr><tr><td>&nbsp;<\/td><\/tr><tr><td><strong>Officials:<\/strong><\/td><\/tr><tr><td>Voditelj ureda u Zagrebu<br>Voditelj ureda u Mostaru<\/td><td>Josip Mari\u0107<br>dr. \u017deljko Ragu\u0161<\/td><\/tr><tr><td>Vice President&nbsp;<\/td><td><br>Diana Vuku\u0161i\u0107 &#8211; Europe<br>Mirko Luka Lissa Vodanovi\u0107 &#8211; South America<br>Ante Radi\u0107 &#8211; Australia\/New Zeland<br>Caroline Spivak &#8211; Canada\/USA<br><\/td><\/tr><tr><td>Secretary&nbsp;<\/td><td><br>Igor Lackovi\u0107<br><\/td><\/tr><tr><td>Treasurer&nbsp;<\/td><td><br>Katarina Markota<br><\/td><\/tr><tr><td>Glasnogovornik<\/td><td><br>fra. Miljenko Stoji\u0107 Mi\u0107a <br><\/td><\/tr><tr><td>Voditeljica Sredi\u0161ta za posljedice<br>istra\u017eivanja totalitarnih re\u017eima<\/td><td><br>Anita Martinac<br><\/td><\/tr><tr><td>Tajnik za odnose s dr\u017eavama i<br>me\u0111unarodnim organizacijama<\/td><td><br>Bo\u017eo Ljubi\u0107<br><\/td><\/tr><tr><td>Lobby&nbsp;<\/td><td><br>Franjo Pavic<br><\/td><\/tr><tr><td>Ravnatelj Hrvatskih Svjetskih Igara<\/td><td><br>Filip Vidovi\u0107<br><\/td><\/tr><tr><td>Pomo\u0107na tajnica<\/td><td><br>Anamaria Manestar<br><\/td><\/tr><tr><td>Tajnik za nacionalne manjine<\/td><td><br>Giureci-Slobodan Ghera <br><\/td><\/tr><tr><td>\u010casni sud<\/td><td>Davor Domijan, Niko Ere\u0161, Franko Cetinich, <br>Dubravka Frkovi\u0107, Slavica Puco<br><\/td><\/tr><tr><td>Nadzorni Odbor<\/td><td>Zlatko \u0160e\u0161et,  Ivan Curman, Marin Skendeorvi\u0107<br><\/td><\/tr><tr><td>Gospodarstvo<\/td><td>Filip Vidovi\u0107<br><\/td><\/tr><tr><td>\u0160kolstvo-Kultura dru\u0161tvenopoliti\u010dka<br>pitanja<\/td><td>Franjo Pavi\u0107<br><\/td><\/tr><tr><td>Humanitarna i financijska pitanja &nbsp;<\/td><td>Nicholas Frackopan<br><\/td><\/tr><tr><td><\/td><td><\/td><\/tr><\/tbody><\/table><\/figure>\n\n\n\n<p><\/p>\n","protected":false},"excerpt":{"rendered":"<p>Congress Info Contact Information: President&nbsp; Vinko Sabljo ,\u0160vicarska Email&nbsp; crocc@telus.net Website&nbsp; hsk.hr &nbsp; Officials: Voditelj ureda u ZagrebuVoditelj ureda u Mostaru Josip Mari\u0107dr. \u017deljko Ragu\u0161 Vice President&nbsp; Diana Vuku\u0161i\u0107 &#8211; EuropeMirko Luka Lissa Vodanovi\u0107 &#8211; South AmericaAnte Radi\u0107 &#8211; Australia\/New ZelandCaroline Spivak &#8211; Canada\/USA Secretary&nbsp; Igor Lackovi\u0107 Treasurer&nbsp; Katarina Markota Glasnogovornik fra. Miljenko Stoji\u0107 Mi\u0107a &hellip; <\/p>\n<p class=\"link-more\"><a href=\"https:\/\/crocc.org\/en\/congress-officials\/\" class=\"more-link\">Continue reading<span class=\"screen-reader-text\"> &#8220;Congress Officials&#8221;<\/span><\/a><\/p>\n","protected":false},"author":2,"featured_media":0,"parent":0,"menu_order":0,"comment_status":"closed","ping_status":"closed","template":"","meta":{"footnotes":""},"class_list":["post-10","page","type-page","status-publish","hentry"],"_links":{"self":[{"href":"https:\/\/crocc.org\/en\/wp-json\/wp\/v2\/pages\/10","targetHints":{"allow":["GET"]}}],"collection":[{"href":"https:\/\/crocc.org\/en\/wp-json\/wp\/v2\/pages"}],"about":[{"href":"https:\/\/crocc.org\/en\/wp-json\/wp\/v2\/types\/page"}],"author":[{"embeddable":true,"href":"https:\/\/crocc.org\/en\/wp-json\/wp\/v2\/users\/2"}],"replies":[{"embeddable":true,"href":"https:\/\/crocc.org\/en\/wp-json\/wp\/v2\/comments?post=10"}],"version-history":[{"count":11,"href":"https:\/\/crocc.org\/en\/wp-json\/wp\/v2\/pages\/10\/revisions"}],"predecessor-version":[{"id":694,"href":"https:\/\/crocc.org\/en\/wp-json\/wp\/v2\/pages\/10\/revisions\/694"}],"wp:attachment":[{"href":"https:\/\/crocc.org\/en\/wp-json\/wp\/v2\/media?parent=10"}],"curies":[{"name":"wp","href":"https:\/\/api.w.org\/{rel}","templated":true}]}}